{"id":869,"date":"2017-03-29T14:48:36","date_gmt":"2017-03-29T12:48:36","guid":{"rendered":"http:\/\/www.5m.cz\/about-company\/o-nas-update"},"modified":"2025-01-21T09:16:58","modified_gmt":"2025-01-21T08:16:58","slug":"o-nas-update","status":"publish","type":"page","link":"https:\/\/www.5m.cz\/en\/about-company\/o-nas-update","title":{"rendered":"O n\u00e1s"},"content":{"rendered":"<div class='content-column one_half'><p>Na\u0161e spole\u010dnost 5M s.r.o. podnik\u00e1 v oboru kompozit\u016f a sendvi\u010d\u016f, co\u017e jsou materi\u00e1ly a komponenty pro pokrokov\u00e9 a inovativn\u00ed v\u00fdrobky nebo aplikace. Zab\u00fdv\u00e1me se v\u00fdvojem a v\u00fdrobou t\u011bchto materi\u00e1l\u016f i kone\u010dn\u00fdch v\u00fdrobk\u016f, kdy se orientujeme p\u0159edev\u0161\u00edm na speci\u00e1ln\u00ed a n\u00e1ro\u010dn\u00e9 aplikace. Ka\u017ed\u00fd rok p\u0159ich\u00e1z\u00edme na trh minim\u00e1ln\u011b se dv\u011bma nov\u00fdmi v\u00fdrobky \u010di podstatn\u00fdmi inovacemi a v\u011bt\u0161ina na\u0161ich v\u00fdrobk\u016f poch\u00e1z\u00ed z vlastn\u00edho v\u00fdvoje, p\u0159\u00edp. vych\u00e1z\u00ed ze spolupr\u00e1ce s v\u00fdzkumn\u00fdmi \u00fastavy nebo univerzitami.<\/p>\n<p>Spole\u010dnost 5M s.r.o. byla zalo\u017eena v roce 1992 jako pln\u011b soukrom\u00e1 a ryze \u010desk\u00e1 spole\u010dnost. Zakladatel\u00e9 firmy se problematikou lepen\u00ed, kompozit\u016f a sendvi\u010d\u016f zab\u00fdvali ji\u017e \u0159adu let p\u0159edt\u00edm v leteck\u00e9m pr\u016fmyslu, tak\u017ee kontinuita v\u00fdvoje a v\u00fdroby trv\u00e1 ji\u017e v\u00edce ne\u017e 20 let.<\/p>\n<p>Od skromn\u00fdch za\u010d\u00e1tk\u016f spole\u010dnost postupn\u011b rostla a\u017e do dne\u0161n\u00ed podoby, kdy m\u00e1me 250 zam\u011bstnanc\u016f, 5000 m<sup>2<\/sup> v\u00fdrobn\u00ed plochy, nov\u011b postaven\u00e9 v\u00fdrobn\u00ed haly a v neposledn\u00ed \u0159ad\u011b i vlastn\u00ed v\u00fdvoj a laborato\u0159 &#8211; <a href=\"https:\/\/www.5m.cz\/vize-strategie-a-mise\">vize, strategie a mise<\/a> na\u0161\u00ed spole\u010dnosti.<\/div><div class='content-column one_half last_column'><p><img loading=\"lazy\" decoding=\"async\" class=\"alignnone wp-image-277\" src=\"http:\/\/www.5m.cz\/wp-content\/uploads\/2017\/01\/areal-5m-300x144.jpg\" alt=\"\" width=\"581\" height=\"279\" srcset=\"https:\/\/www.5m.cz\/wp-content\/uploads\/2017\/01\/areal-5m-300x144.jpg 300w, https:\/\/www.5m.cz\/wp-content\/uploads\/2017\/01\/areal-5m-768x368.jpg 768w, https:\/\/www.5m.cz\/wp-content\/uploads\/2017\/01\/areal-5m.jpg 1024w\" sizes=\"auto, (max-width: 581px) 100vw, 581px\" \/><\/div><div class='clear_column'><\/div>\n<p>D\u00edky odborn\u00e9 \u00farovni a tak\u00e9 znalosti \u010desk\u00e9ho trhu s n\u00e1mi v roce 1998 za\u010dala spolupracovat holandsk\u00e1 firma SABA, kter\u00e1 se zab\u00fdv\u00e1 v\u00fdrobou <a href=\"http:\/\/www.5m.cz\/produkty\/lepidla\/calounicka-lepidla-saba\">\u010dalounick\u00fdch lepidel<\/a> pro n\u00e1bytk\u00e1\u0159sk\u00fd pr\u016fmysl a 5M s.r.o. se tak stala v\u00fdhradn\u00edm z\u00e1stupcem t\u00e9to firmy pro \u010ceskou republiku. Od roku 2010 na\u0161e firma tak\u00e9 zaji\u0161\u0165uje obchodn\u00ed zastoupen\u00ed \u0161v\u00fdcarsk\u00e9 firmy Kisling, kter\u00e1 vyr\u00e1b\u00ed <a href=\"http:\/\/www.5m.cz\/produkty\/lepidla\/lepidla-ergo\">lepidla ERGO<\/a>.<\/p>\n<p>Mezi na\u0161e z\u00e1kazn\u00edky pat\u0159\u00ed<\/p>\n<ul class=\"uplatneni\">\n<li>v\u00fdrobci letadel (dopravn\u00edch, cvi\u010dn\u00fdch, ultralight\u016f)<\/li>\n<li>v\u00fdrobci kolejov\u00fdch vozidel a jejich p\u0159\u00edslu\u0161enstv\u00ed<\/li>\n<li>v\u00fdrobci silni\u010dn\u00edch vozidel (autobusy, n\u00e1kladn\u00ed i osobn\u00ed automobily)<\/li>\n<li>v\u00fdrobci elektrotechnick\u00fdch za\u0159\u00edzen\u00ed a komponent<\/li>\n<li>v\u00fdrobci textiln\u00edch a tiska\u0159sk\u00fdch stroj\u016f<\/li>\n<li>v\u00fdrobci sportovn\u00edch pot\u0159eb (hokejky, surfov\u00e1 prkna, st\u011b\u017en\u011b, plachty)<\/li>\n<li>v\u00fdrobci leteck\u00fdch model\u016f<\/li>\n<li>stavebn\u00ed firmy (zpev\u0148ov\u00e1n\u00ed konstrukc\u00ed)<\/li>\n<li>stavitel\u00e9 trolejov\u00fdch veden\u00ed<\/li>\n<\/ul>\n<p>Velk\u00e1 \u010d\u00e1st produkce firmy se dod\u00e1v\u00e1 p\u0159\u00edmo zahrani\u010dn\u00edm z\u00e1kazn\u00edk\u016fm, a to p\u0159ev\u00e1\u017en\u011b na Slovensko, do \u0160v\u00fdcarska, It\u00e1lie, N\u011bmecka, Rakouska nebo Slovinska.<\/p>\n<p>Na\u0161e firma m\u00e1 certifikovan\u00fd syst\u00e9m \u0159\u00edzen\u00ed kvality dle kriteri\u00e1ln\u00edch norem AS9100, IATF 16949\u00a0 a ISO\/TS 22163 &#8211; IRIS. Velk\u00e1 \u010d\u00e1st v\u00fdrobk\u016f a zbo\u017e\u00ed m\u00e1 p\u0159\u00edslu\u0161n\u00e9 certifik\u00e1ty a posudky kvality vydan\u00e9 nap\u0159. V\u00fdzkumn\u00fdm a zku\u0161ebn\u00edm leteck\u00fdm \u00fastavem, Technick\u00fdm a zku\u0161ebn\u00edm \u00fastavem stavebn\u00edm Praha nebo Institutem pro testov\u00e1n\u00ed a certifikaci.<\/p>\n<p>Z\u00e1rove\u0148 je na\u0161e firma zakl\u00e1daj\u00edc\u00edm \u010dlenem <a href=\"http:\/\/www.aero-cluster.cz\">Moravsk\u00e9ho leteck\u00e9ho klastru<\/a> a \u010dlenem Hospod\u00e1\u0159sk\u00e9 komory \u010cR.<\/p>\n<p>&nbsp;<\/p>\n","protected":false},"excerpt":{"rendered":"<p>D\u00edky odborn\u00e9 \u00farovni a tak\u00e9 znalosti \u010desk\u00e9ho trhu s n\u00e1mi v roce 1998 za\u010dala spolupracovat holandsk\u00e1 firma SABA, kter\u00e1 se zab\u00fdv\u00e1 v\u00fdrobou \u010dalounick\u00fdch lepidel pro n\u00e1bytk\u00e1\u0159sk\u00fd pr\u016fmysl a 5M s.r.o. se tak stala v\u00fdhradn\u00edm z\u00e1stupcem t\u00e9to firmy pro \u010ceskou republiku. Od roku 2010 na\u0161e firma tak\u00e9 zaji\u0161\u0165uje obchodn\u00ed zastoupen\u00ed \u0161v\u00fdcarsk\u00e9 firmy Kisling, kter\u00e1 vyr\u00e1b\u00ed lepidla [&hellip;]<\/p>\n","protected":false},"author":2,"featured_media":0,"parent":160,"menu_order":1,"comment_status":"closed","ping_status":"closed","template":"","meta":{"footnotes":""},"class_list":["post-869","page","type-page","status-publish","hentry"],"_links":{"self":[{"href":"https:\/\/www.5m.cz\/en\/wp-json\/wp\/v2\/pages\/869","targetHints":{"allow":["GET"]}}],"collection":[{"href":"https:\/\/www.5m.cz\/en\/wp-json\/wp\/v2\/pages"}],"about":[{"href":"https:\/\/www.5m.cz\/en\/wp-json\/wp\/v2\/types\/page"}],"author":[{"embeddable":true,"href":"https:\/\/www.5m.cz\/en\/wp-json\/wp\/v2\/users\/2"}],"replies":[{"embeddable":true,"href":"https:\/\/www.5m.cz\/en\/wp-json\/wp\/v2\/comments?post=869"}],"version-history":[{"count":10,"href":"https:\/\/www.5m.cz\/en\/wp-json\/wp\/v2\/pages\/869\/revisions"}],"predecessor-version":[{"id":7141,"href":"https:\/\/www.5m.cz\/en\/wp-json\/wp\/v2\/pages\/869\/revisions\/7141"}],"up":[{"embeddable":true,"href":"https:\/\/www.5m.cz\/en\/wp-json\/wp\/v2\/pages\/160"}],"wp:attachment":[{"href":"https:\/\/www.5m.cz\/en\/wp-json\/wp\/v2\/media?parent=869"}],"curies":[{"name":"wp","href":"https:\/\/api.w.org\/{rel}","templated":true}]}}